{"id":1079,"date":"2020-11-04T13:49:59","date_gmt":"2020-11-04T11:49:59","guid":{"rendered":"https:\/\/justsopivasti.com\/blog\/?page_id=1079"},"modified":"2022-04-24T19:59:16","modified_gmt":"2022-04-24T16:59:16","slug":"kirja","status":"publish","type":"page","link":"https:\/\/justsopivasti.com\/blog\/kirja\/","title":{"rendered":"Just sopivasti ketter\u00e4"},"content":{"rendered":"\n<p>Miten fiksata henkinen ja fyysinen ty\u00f6ymp\u00e4rist\u00f6 sellaiseksi, ett\u00e4 ty\u00f6nteko sujuu keskittyneesti ja hartiatkin pysyv\u00e4t vetrein\u00e4? Miten l\u00f6yt\u00e4\u00e4 arjesta aikaa itse\u00e4 inspiroivaan tekemiseen? Miten saada motivaatiota pitk\u00e4j\u00e4nteisten tavoitteiden saavuttamiseen? Miten olla just sopivasti ketter\u00e4 ihminen?<\/p>\n\n\n\n<p>Just sopivasti ketter\u00e4 on kiireisen tietoty\u00f6l\u00e4isen opas ty\u00f6n ja muun el\u00e4m\u00e4n parempaan hallintaan. Kirja avaa bisnesmaailmasta tuttua ketter\u00e4n kehityksen ajattelutapaa ja ruotii sen avulla veike\u00e4sti tietoty\u00f6l\u00e4isten tyypillisi\u00e4 el\u00e4m\u00e4nhallinnan kompastuskivi\u00e4. Se tarjoaa konkreettisia ty\u00f6kaluja ja nopeita korjausliikkeit\u00e4 mutta her\u00e4ttelee my\u00f6s tarkastelemaan omaa el\u00e4m\u00e4\u00e4 syvemmin ja kauaskantoisemmin.<\/p>\n\n\n\n<p><a href=\"https:\/\/arthouse.fi\/sivu\/tuote\/just-sopivasti-kettera\/2720834\">Tilaa kirja t\u00e4\u00e4lt\u00e4!<\/a><\/p>\n\n\n\n<p><\/p>\n\n\n\n<p><a href=\"https:\/\/justsopivasti.com\/blog\/itsensa-johtajat-just-sopivasti-menestysta\/\">Uusi kirja &#8220;Itsens\u00e4 johtajat&#8221; on nyt ennakkotilattavissa! Tutustu<\/a><\/p>\n\n\n\n<p>Maininnat mediassa<\/p>\n\n\n\n<p><a href=\"https:\/\/www.kauppalehti.fi\/uutiset\/miten-selvita-tyoelamahardellissa\/8b04c86e-5880-48db-9645-15808fa630cb\">Kauppalehti: Miten selvit\u00e4 ty\u00f6el\u00e4m\u00e4h\u00e4rdelliss\u00e4?<\/a><\/p>\n\n\n\n<p><a href=\"https:\/\/duunitori.fi\/tyoelama\/sopivasti-kettera-tyoelama\">Duunitori: Mit\u00e4 jos tekisitkin vain 20% t\u00f6ist\u00e4si? Kymmenen yll\u00e4tt\u00e4v\u00e4\u00e4 ohjetta ty\u00f6el\u00e4m\u00e4n asiantuntijoilta<\/a>. <\/p>\n\n\n\n<p>Podcast\/audiot<\/p>\n\n\n\n<p><a href=\"https:\/\/areena.yle.fi\/audio\/1-50731835\">Tiina Lundbergin Huoltamo: Jos haluat keskitty\u00e4, opettele sanomaan EI ja sulje puhelin! (Yle Areena) <\/a><\/p>\n\n\n\n<p><a href=\"https:\/\/takakansi.fi\/2021\/03\/23\/antti-niemi-jari-hietaniemi-ketteryys-tyoelama-ja-arki\/\">Takakansi: Ketterys, ty\u00f6el\u00e4m\u00e4 ja arki.<\/a> <\/p>\n\n\n\n<p><a href=\"https:\/\/www.listennotes.com\/es\/podcasts\/v%C3%A4kev%C3%A4-el%C3%A4m%C3%A4\/antti-niemi-ja-jari-P1gKBa9RL-G\/\">V\u00e4kev\u00e4 el\u00e4m\u00e4: Just sopivasti ketter\u00e4 vire arjessa.<\/a><\/p>\n\n\n\n<p><a href=\"https:\/\/koodarikuiskaaja.fi\/podcast\/just-sopivasti-kettera-ei-lukittaudu-mihinkaan-metodiin\/\">Koodarikuiskaaja: Just sopivasti ketter\u00e4 ei lukittaudu mihink\u00e4\u00e4n metodiin.<\/a><\/p>\n\n\n\n<p><\/p>\n\n\n\n<p>Kirjan julkistustilaisuus<\/p>\n\n\n\n<figure class=\"wp-block-embed is-type-video is-provider-youtube wp-block-embed-youtube wp-embed-aspect-16-9 wp-has-aspect-ratio\"><div class=\"wp-block-embed__wrapper\">\n<iframe title=\"Just sopivasti ketter\u00e4 -kirjan julkistustilaisuus 10.12.2020\" width=\"648\" height=\"365\" src=\"https:\/\/www.youtube.com\/embed\/N4ufvRHspLA?feature=oembed\" frameborder=\"0\" allow=\"accelerometer; autoplay; clipboard-write; encrypted-media; gyroscope; picture-in-picture; web-share\" referrerpolicy=\"strict-origin-when-cross-origin\" allowfullscreen><\/iframe>\n<\/div><\/figure>\n\n\n\n<figure class=\"wp-block-image size-large\"><img fetchpriority=\"high\" decoding=\"async\" width=\"1024\" height=\"770\" src=\"https:\/\/justsopivasti.com\/blog\/wp-content\/uploads\/2020\/12\/Screenshot-2020-12-09-at-17.02.13-1024x770.png\" alt=\"\" class=\"wp-image-1114\" srcset=\"https:\/\/justsopivasti.com\/blog\/wp-content\/uploads\/2020\/12\/Screenshot-2020-12-09-at-17.02.13-1024x770.png 1024w, https:\/\/justsopivasti.com\/blog\/wp-content\/uploads\/2020\/12\/Screenshot-2020-12-09-at-17.02.13-300x226.png 300w, https:\/\/justsopivasti.com\/blog\/wp-content\/uploads\/2020\/12\/Screenshot-2020-12-09-at-17.02.13-768x578.png 768w, https:\/\/justsopivasti.com\/blog\/wp-content\/uploads\/2020\/12\/Screenshot-2020-12-09-at-17.02.13.png 1534w\" sizes=\"(max-width: 1024px) 100vw, 1024px\" \/><\/figure>\n","protected":false},"excerpt":{"rendered":"<p>Miten fiksata henkinen ja fyysinen ty\u00f6ymp\u00e4rist\u00f6 sellaiseksi, ett\u00e4 ty\u00f6nteko sujuu keskittyneesti ja hartiatkin pysyv\u00e4t vetrein\u00e4? Miten l\u00f6yt\u00e4\u00e4 arjesta aikaa itse\u00e4 inspiroivaan tekemiseen? Miten saada motivaatiota pitk\u00e4j\u00e4nteisten tavoitteiden saavuttamiseen? Miten olla just sopivasti ketter\u00e4 ihminen? Just sopivasti ketter\u00e4 on kiireisen tietoty\u00f6l\u00e4isen opas ty\u00f6n ja muun el\u00e4m\u00e4n parempaan hallintaan. Kirja avaa bisnesmaailmasta tuttua ketter\u00e4n kehityksen ajattelutapaa ja [&hellip;]<\/p>\n","protected":false},"author":1,"featured_media":0,"parent":0,"menu_order":0,"comment_status":"closed","ping_status":"closed","template":"","meta":{"_monsterinsights_skip_tracking":false,"_monsterinsights_sitenote_active":false,"_monsterinsights_sitenote_note":"","_monsterinsights_sitenote_category":0,"footnotes":""},"_links":{"self":[{"href":"https:\/\/justsopivasti.com\/blog\/wp-json\/wp\/v2\/pages\/1079"}],"collection":[{"href":"https:\/\/justsopivasti.com\/blog\/wp-json\/wp\/v2\/pages"}],"about":[{"href":"https:\/\/justsopivasti.com\/blog\/wp-json\/wp\/v2\/types\/page"}],"author":[{"embeddable":true,"href":"https:\/\/justsopivasti.com\/blog\/wp-json\/wp\/v2\/users\/1"}],"replies":[{"embeddable":true,"href":"https:\/\/justsopivasti.com\/blog\/wp-json\/wp\/v2\/comments?post=1079"}],"version-history":[{"count":15,"href":"https:\/\/justsopivasti.com\/blog\/wp-json\/wp\/v2\/pages\/1079\/revisions"}],"predecessor-version":[{"id":1185,"href":"https:\/\/justsopivasti.com\/blog\/wp-json\/wp\/v2\/pages\/1079\/revisions\/1185"}],"wp:attachment":[{"href":"https:\/\/justsopivasti.com\/blog\/wp-json\/wp\/v2\/media?parent=1079"}],"curies":[{"name":"wp","href":"https:\/\/api.w.org\/{rel}","templated":true}]}}