{"id":1409,"date":"2024-06-20T13:12:38","date_gmt":"2024-06-20T10:12:38","guid":{"rendered":"https:\/\/justsopivasti.com\/blog\/?page_id=1409"},"modified":"2025-02-15T15:51:44","modified_gmt":"2025-02-15T13:51:44","slug":"just-sopivasti-antti","status":"publish","type":"page","link":"https:\/\/justsopivasti.com\/blog\/just-sopivasti-antti\/","title":{"rendered":"Kuka?"},"content":{"rendered":"<div class=\"wp-block-image is-style-rounded\">\n<figure class=\"aligncenter size-full is-resized\"><a href=\"https:\/\/justsopivasti.com\/blog\/wp-content\/uploads\/2024\/01\/Screenshot-2024-01-21-at-19.23.17.png\"><img fetchpriority=\"high\" decoding=\"async\" width=\"1008\" height=\"1020\" src=\"https:\/\/justsopivasti.com\/blog\/wp-content\/uploads\/2024\/01\/Screenshot-2024-01-21-at-19.23.17.png\" alt=\"\" class=\"wp-image-1218\" style=\"width:374px;height:auto\"\/><\/a><\/figure><\/div>\n\n\n<p>Moikka ja hauska tutustua!<\/p>\n\n\n\n<p>Olen Antti Niemi ja ty\u00f6skentelen t\u00e4ll\u00e4 hetkell\u00e4 konsulttina ja site leadina Bradleys Digitalissa, miss\u00e4 coachaan johtoryhm\u00e4\u00e4 sek\u00e4 meid\u00e4n kokeneita ammattilaisia. <\/p>\n\n\n\n<p>T\u00e4m\u00e4n lis\u00e4ksi tarjoan coachingia oman yrityksen kautta omille asiakkaille. <\/p>\n\n\n\n<h2 class=\"wp-block-heading\">Miten minusta tuli coach? <\/h2>\n\n\n\n<p>Ty\u00f6skentelin digiasioissa Helsingin yliopistolla ja tutustuin 2010 ketter\u00e4n kehityksen saloihin. Ketter\u00e4t menetelm\u00e4t ja ajattelu kiinnosti enemm\u00e4nkin ja menetelmien parissa l\u00f6ytyi my\u00f6s rooli nimelt\u00e4 agile coach, jonka tavoite oli opastaa ja valmentaa tiimeja ja johtoa toimimaan uudenlaisella tavalla. Aloin ty\u00f6skentelem\u00e4n agile coachina ja samaan aikaan kiinnostuin my\u00f6s enemm\u00e4n siit\u00e4 mit\u00e4 coachingin itsess\u00e4\u00e4n voisi tarjota ja osallistuin Valmentamon ratkaisukeskeisen valmentajan kurssille. T\u00e4m\u00e4 oli itselleni bensaa ja valmiina roihuavaan nuotioon ja kurssin j\u00e4lkeen aloin valmentamaan sivutoimisesti omia asiakkaita ja samalla my\u00f6s l\u00e4hdin konsultiksi tarjoamaan entist\u00e4 ehompaa agile coach-osaamistani. My\u00f6hemmin suoritin viel\u00e4 Business coach -koulutuksen ja olen nyt suorittamassa kansainv\u00e4list\u00e4 ICF-sertifikaattia. <\/p>\n\n\n\n<h2 class=\"wp-block-heading\">Ketter\u00e4n kehityksen periaatteet + coaching = kirja<\/h2>\n\n\n\n<p>Valmennusta opiskellessa ja ketter\u00e4n kehityksen periaatteita soveltessa huomasin paljon samankaltaisuuksia asiakkaiden ja yritysten haasteissa. Miten selvitt\u00e4\u00e4 mik\u00e4 on arvokasta ja miten l\u00f6yt\u00e4\u00e4 aikaa sen tekemiseen? T\u00e4st\u00e4 kiteytyksest\u00e4 syntyi sitten kaksi kirjaa. Just sopivasti ketter\u00e4 (2020) sek\u00e4 Itsens\u00e4 johtajat &#8211; Just sopivasti menestyst\u00e4 (2022) joissa avataan ajan- ja teht\u00e4vien hallinnan lis\u00e4ksi my\u00f6s itsetuntemusta ja omaa suuntaa el\u00e4m\u00e4ss\u00e4. <\/p>\n\n\n\n<h2 class=\"wp-block-heading\">Missiona min\u00e4pystyvyys<\/h2>\n\n\n\n<p>Vaikka kaikki asiat eiv\u00e4t joka tilanteessa ole v\u00e4ltt\u00e4m\u00e4tt\u00e4 omissa k\u00e4siss\u00e4, niin uskon ett\u00e4 edelleen on monta kohtaa, joita on mahdollista ottaa omiin k\u00e4siin ja l\u00e4hte\u00e4 ratkomaan ja rakentamaan itsens\u00e4 n\u00e4k\u00f6ist\u00e4 el\u00e4m\u00e4\u00e4. Missioni on vahvistaa jokaisen asiakkaani min\u00e4pystyvyytt\u00e4, kyky\u00e4 ja taitoa tunnistaa oman el\u00e4m\u00e4n t\u00e4rke\u00e4t asiat ja vahvistaa niiden toteutumista. <\/p>\n\n\n\n<p><\/p>\n","protected":false},"excerpt":{"rendered":"<p>Moikka ja hauska tutustua! Olen Antti Niemi ja ty\u00f6skentelen t\u00e4ll\u00e4 hetkell\u00e4 konsulttina ja site leadina Bradleys Digitalissa, miss\u00e4 coachaan johtoryhm\u00e4\u00e4 sek\u00e4 meid\u00e4n kokeneita ammattilaisia. T\u00e4m\u00e4n lis\u00e4ksi tarjoan coachingia oman yrityksen kautta omille asiakkaille. Miten minusta tuli coach? Ty\u00f6skentelin digiasioissa Helsingin yliopistolla ja tutustuin 2010 ketter\u00e4n kehityksen saloihin. Ketter\u00e4t menetelm\u00e4t ja ajattelu kiinnosti enemm\u00e4nkin ja menetelmien [&hellip;]<\/p>\n","protected":false},"author":3,"featured_media":0,"parent":0,"menu_order":0,"comment_status":"closed","ping_status":"closed","template":"","meta":{"_monsterinsights_skip_tracking":false,"_monsterinsights_sitenote_active":false,"_monsterinsights_sitenote_note":"","_monsterinsights_sitenote_category":0,"footnotes":""},"_links":{"self":[{"href":"https:\/\/justsopivasti.com\/blog\/wp-json\/wp\/v2\/pages\/1409"}],"collection":[{"href":"https:\/\/justsopivasti.com\/blog\/wp-json\/wp\/v2\/pages"}],"about":[{"href":"https:\/\/justsopivasti.com\/blog\/wp-json\/wp\/v2\/types\/page"}],"author":[{"embeddable":true,"href":"https:\/\/justsopivasti.com\/blog\/wp-json\/wp\/v2\/users\/3"}],"replies":[{"embeddable":true,"href":"https:\/\/justsopivasti.com\/blog\/wp-json\/wp\/v2\/comments?post=1409"}],"version-history":[{"count":3,"href":"https:\/\/justsopivasti.com\/blog\/wp-json\/wp\/v2\/pages\/1409\/revisions"}],"predecessor-version":[{"id":1862,"href":"https:\/\/justsopivasti.com\/blog\/wp-json\/wp\/v2\/pages\/1409\/revisions\/1862"}],"wp:attachment":[{"href":"https:\/\/justsopivasti.com\/blog\/wp-json\/wp\/v2\/media?parent=1409"}],"curies":[{"name":"wp","href":"https:\/\/api.w.org\/{rel}","templated":true}]}}