{"id":1850,"date":"2025-02-15T14:50:38","date_gmt":"2025-02-15T12:50:38","guid":{"rendered":"https:\/\/justsopivasti.com\/blog\/?page_id=1850"},"modified":"2025-02-15T14:50:38","modified_gmt":"2025-02-15T12:50:38","slug":"referenssit","status":"publish","type":"page","link":"https:\/\/justsopivasti.com\/blog\/referenssit\/","title":{"rendered":"Referenssit"},"content":{"rendered":"\n<blockquote class=\"wp-block-quote is-layout-flow wp-block-quote-is-layout-flow\">\n<p><strong>Lue alta mit\u00e4 asiakkaani ovat sanoneet valmennuksesta. <\/strong><\/p>\n\n\n\n<p><\/p>\n\n\n\n<p>Ty\u00f6kuvioni olivat hiljattain muuttuneet huomattavasti hyp\u00e4tty\u00e4ni palkkaty\u00f6st\u00e4 yritt\u00e4j\u00e4ksi. Ison muutoksen keskell\u00e4 koin, ett\u00e4 coachauksen avulla voisin saada ty\u00f6kaluja sel\u00e4tt\u00e4\u00e4 tiettyj\u00e4 persoonastani ja ty\u00f6skentelytavoistani juontuvia kehittymiskohteita, jotka ovat seuranneet minua l\u00e4hes koko ty\u00f6urani ajan ja joista en ole aiemmin saanut kunnollista otetta pysty\u00e4kseni niit\u00e4 konkreettisesti ty\u00f6st\u00e4m\u00e4\u00e4n.<\/p>\n\n\n\n<p>Antin kanssa keskustelu on \u00e4\u00e4rimm\u00e4isen miellytt\u00e4v\u00e4\u00e4 &#8211; Antti luo v\u00e4litt\u00f6m\u00e4sti luottamuksen ilmapiirin ja h\u00e4nelle on helppo puhua vaikeammistakin asioista. Antin kuuntelutaidot ovat vertaansa vailla ja h\u00e4nell\u00e4 on ilmi\u00f6m\u00e4inen kyky sanallistaa ja kiteytt\u00e4\u00e4 hyvin j\u00e4sentym\u00e4tt\u00f6m\u00e4st\u00e4kin puheesta se ydin. Antti osaa kysy\u00e4 juuri oikeat kysymykset ja niiden kautta omat haasteeni saatiin k\u00e4\u00e4nnetty\u00e4 tavoitteiksi, joita kohti l\u00e4hdettiin askel kerrallaan.<\/p>\n\n\n\n<p>Pitkin coachausmatkaamme sain Antin sparrauksen avulla omista toimintatavoistani oivalluksia, jotka auttoivat tarttumaan haasteisiini hyvin konkreettisesti. Aiemmin mieless\u00e4 vellonut ep\u00e4m\u00e4\u00e4r\u00e4inen \u201cjotain tarttis tehd\u00e4\u201d -haastem\u00f6ykky pilkottiin Antin coachauksen kautta palasiksi ja jokaiseen palaseen mietittiin yhdess\u00e4 keinoja ja harjoituksia, joilla haasteita voisi sel\u00e4tt\u00e4\u00e4. Coachaussessioissa k\u00e4vimme muun muassa l\u00e4pi sit\u00e4, millaisia haastavia tilanteita olin kohdannut ja miten olin harjoitusten avulla niit\u00e4 yritt\u00e4nyt ratkoa. Tuntui tosi hienolta saada onnistumisen kokemuksia ja iloita niist\u00e4 yhdess\u00e4. Yksi suurimmista opeista minulle oli oivaltaa tiedostamisen ja tietoisuuden merkitys: kun tavoitteet olivat selkein\u00e4 mieless\u00e4, pystyin paljon paremmin tunnistamaan niit\u00e4 kohtia, joissa haasteita ilmenee ja siten minulla oli paremmat mahdollisuudet niit\u00e4 my\u00f6s ratkaista.<\/p>\n\n\n\n<p>Coachauskokemukseni kiteytt\u00e4isin sanaparilla ahdistuspalloista kehittymismahdollisuuksiksi. Matkani on viel\u00e4 alussa, mutta askel askeleelta menen oikeaan suuntaan ja se tuntuu hyv\u00e4lt\u00e4! Antin coachauksen kautta selkeiksi tavoitteiksi k\u00e4\u00e4nnettyihin haasteisiin on helpompi tarttua ja koen ett\u00e4 ensimm\u00e4ist\u00e4 kertaa minulla vihdoin on ty\u00f6kalut niit\u00e4 my\u00f6s sel\u00e4tt\u00e4\u00e4. Voin l\u00e4mpim\u00e4sti suositella Antin coachausta!<\/p>\n\n\n\n<p>Sari, yritt\u00e4j\u00e4<\/p>\n<\/blockquote>\n\n\n\n<hr class=\"wp-block-separator has-alpha-channel-opacity\"\/>\n\n\n\n<blockquote class=\"wp-block-quote is-layout-flow wp-block-quote-is-layout-flow\">\n<p>Jokainen fiksu ihminen tarvitsee oman Antin.<br>Jos sulla ei ole viel\u00e4 omaa Anttia, niin suosittelen hankkimaan.<\/p>\n\n\n\n<p>Antti on aikuisten ihmisten peili. Antti ei p\u00e4\u00e4st\u00e4 sua helpolla. Silt\u00e4 on turha odottaa turhien tekosyiden l\u00e4pimenoa. Sill\u00e4 on todella tarkka BS- mittari. On todella virkist\u00e4v\u00e4\u00e4, istua hetki oman itsesi ja p\u00e4\u00e4si kanssa, tulla kuulluksi ja n\u00e4hdyksi. Viel\u00e4 parempaa on, ette se kaikki BS mit\u00e4 uskottelet itsellesi ja monesti my\u00f6s ymp\u00e4rillesi ei mene Antilla l\u00e4pi. Ei my\u00f6sk\u00e4\u00e4n mene my\u00f6sk\u00e4\u00e4n montaa muutakaan asiaa ohi noiden korvien. Antti tarttuu niihin melko varmasti. Jos olet valmis juttelemaan toisen aikuisen ihmisen kanssa sun kohtaamistasi haasteista ja esteist\u00e4 joita usein itelles asetat, niin l\u00e4mpim\u00e4sti suosittelen. Helppoa se ei ole, ja juuri siksi t\u00e4ysin aikansa arvoista.<\/p>\n\n\n\n<p>Puolen vuoden ajan kerran kuussa sain istua alas ja keskitty\u00e4 itseeni. Ja huomata miten paljon turhaa m\u00e4kin valmentajana kannan mukanani. Tapoja ja toimintamalleja, jotka ei vaan toimi, mutta olen liian l\u00e4hell\u00e4 tilannetta tajutakseni miss\u00e4 menen sivuun oman el\u00e4m\u00e4ni kanssa.<\/p>\n\n\n\n<p>Kun puoli vuotta sitten kun Antille laitoin viesti\u00e4, oli se kaltaiselleni&nbsp; itsen\u00e4iselle, vahvalle, kaikesta itse selvinneen\u00e4 naisihmisen\u00e4 tiukka paikka. Todeta, ett\u00e4 nyt ollaan siin\u00e4 tilanteessa, ett\u00e4 jos en nyt pyyd\u00e4 apua, niin kohta ollaan ojassa. El\u00e4m\u00e4ss\u00e4 asiat oli tasapainossa, olin toki tehnyt sen tasapainon l\u00f6yt\u00e4miseksi paljon t\u00f6it\u00e4 ja halusin pit\u00e4\u00e4 siit\u00e4 tasapainosta kiinni kynsin hampain. Moni varmasti ajattelee, ett\u00e4 no kyll\u00e4h\u00e4n tasapainon yll\u00e4pito on helppoa, voin kertoa, ett\u00e4 on muuten paljon haastavampaa kuin itsek\u00e4\u00e4n uskoin. El\u00e4m\u00e4ss\u00e4 heiluri usein menee toisesta \u00e4\u00e4rip\u00e4\u00e4st\u00e4 toiseen, kun l\u00e4hdet\u00e4\u00e4n korjaamaan tilannetta. Sen pienen liikkeen yll\u00e4pito on tosiasiassa todella haastavaa. Mik\u00e4 siit\u00e4 tekee haasteellista? Itselleni yksi avaintekij\u00e4 oli tunnistaa miss\u00e4 menee minun raja, ennen kuin menn\u00e4\u00e4n yli. Ja v\u00e4lill\u00e4 mentiin yli ja sitten piti tunnistaa, ett\u00e4 miss\u00e4 se ylitys tapahtui ja korjata seuraavalla kerralla. Sill\u00e4 se seuraava kerta tulee aina. Samalla oli silmi\u00e4 avaavaa tehd\u00e4 analyysia siit\u00e4 kun meni hyvin ja ei menty yli ja pysyttiin tasapainossa, mik\u00e4 siin\u00e4 oli avuksi, mit\u00e4 sillon tapahtu?<\/p>\n\n\n\n<p>Jos olet valmis l\u00e4hte\u00e4 matkalle korjaamaan sit\u00e4 omaa kurssiasi, olet mielest\u00e4si aikuinen ihminen, joka on valmis aikuiseen keskusteluun ja kannustavaan persiille potkimiseen, niin hanki itsellesi oma Antti.<\/p>\n\n\n\n<p>El\u00e4m\u00e4 on kaikessa ihanuudessaan just sopivasti kaikkea. Kun asiat on just sopivasti tasapainossa, on itsens\u00e4 kanssa todella kiva olla.<\/p>\n\n\n\n<p>HR Manager, coach<\/p>\n<\/blockquote>\n\n\n\n<hr class=\"wp-block-separator has-alpha-channel-opacity\"\/>\n\n\n\n<blockquote class=\"wp-block-quote is-layout-flow wp-block-quote-is-layout-flow\">\n<p>On olemassa konsultteja ja inspiraatiopuhujia, ja sitten on olemassa Antti. L\u00f6ysin Antin pari vuotta sitten sellaisessa kohtaa el\u00e4m\u00e4ss\u00e4ni, kun pakka oli aivan totaalisen lev\u00e4ll\u00e4\u00e4n ja tunsin olevani jumissa. Oli hankittua koulutusta, osaamista ja uraa, mutta tuntui, ett\u00e4 Jokin Iso oli hautautuneena jonnekin arkisten velvollisuuksien, kiireen, kuormituksen ja toisaalta osittain kuviteltujenkin odotusten alle &#8211; siis sellaisten, mit\u00e4 t\u00e4ss\u00e4 vaiheessa el\u00e4m\u00e4\u00e4 ja uraa &#8220;pit\u00e4isi&#8221; tehd\u00e4. Oli olo, ett\u00e4 haluan jotain muuta, mutta en tiennyt, mit\u00e4, milloin, miss\u00e4 ja ennen kaikkea, miten.<\/p>\n\n\n\n<p>Antin sparrausten aikana ja sen j\u00e4lkeen ajattelussani on tapahtunut ratkaisevia muutoksia. H\u00e4nell\u00e4 on h\u00e4mm\u00e4stytt\u00e4v\u00e4 taito ottaa kiinni sekamelskasta ja poimia sielt\u00e4 oleellinen. H\u00e4n ei laita sanoja suuhuni, vaan osaa ohjata minut sanomaan itse \u00e4\u00e4neen sen, mit\u00e4 haluan ja toivon. Antin kanssa keskustelu on selkeytt\u00e4nyt omia ajatuksiani ja suuntaani. Se on antanut rauhallista malttia siin\u00e4, kun itse l\u00e4htisi keulimaan, ja toisaalta ty\u00f6nt\u00e4nyt vauhtia silloin, kun itse j\u00e4isi nysv\u00e4\u00e4m\u00e4\u00e4n ep\u00e4oleellisten asioiden kanssa.<\/p>\n\n\n\n<p>Sparraukset ovat vahvistaneet uskoa omaan \u00e4\u00e4neen ja siihen, ett\u00e4 rauhassa rakentamalla, yritt\u00e4m\u00e4ll\u00e4, erehtym\u00e4ll\u00e4 ja siit\u00e4 oppimalla voi p\u00e4\u00e4st\u00e4 paljon pitemm\u00e4lle, kuin mit\u00e4 olisi koskaan ajatellut p\u00e4\u00e4sev\u00e4ns\u00e4. Varsinkaan, jos ei uskalla edes aloittaa! En voi riitt\u00e4v\u00e4sti korostaa, ett\u00e4 Antin sparraukset ovat antaneet jopa odottamattoman paljon keinoja edet\u00e4 kohti Sit\u00e4 Jotain, jonka tied\u00e4n nyt olevan minulle saavutettavissa! Kiitos, Antti!<\/p>\n\n\n\n<p>Anna, valokuvaaja<\/p>\n<\/blockquote>\n\n\n\n<hr class=\"wp-block-separator has-alpha-channel-opacity\"\/>\n\n\n\n<blockquote class=\"wp-block-quote is-layout-flow wp-block-quote-is-layout-flow\">\n<p>Minulla oli ilo olla Antin coachattavana viiden session ajan. L\u00e4ht\u00f6tilanteeni oli varsin h\u00e4hm\u00e4inen: kaikki periaatteessa ihan hyvin ja stabiilisti, ja jokin kuitenkin v*tutti.<\/p>\n\n\n\n<p>Viiden kerran j\u00e4lkeen en syntynyt uutena ihmisen\u00e4, mutta sparrailun ja Antin esitt\u00e4mien hyvin kysymysten avulla sain merkitt\u00e4vi\u00e4 oivalluksia, joiden my\u00f6t\u00e4 ymp\u00e4ripy\u00f6re\u00e4 ketutus h\u00e4lveni kuin sadepilvi olisi v\u00e4istynyt ylt\u00e4ni.<\/p>\n\n\n\n<p>Tekemisen suunta, pitk\u00e4n aikav\u00e4lin tavoitteellisuus ja arjen saamattomuudessa vellominen voivat todellakin olla l\u00e4sn\u00e4 samanaikaisesti. Mik\u00e4 ihana selkeys!<\/p>\n\n\n\n<p>Pidin Antin rennosta ja humaanista otteesta, ja koen yritysvalmennusjargonin ja oppikirjamaisen muutosvalmennuksen sijaan saaneeni Antin coachingista varmuutta omista n\u00e4kemyksist\u00e4ni ja rohkeutta tehd\u00e4 asioita omista l\u00e4ht\u00f6kohdistani.<\/p>\n\n\n\n<p>Suosittelen l\u00e4mpim\u00e4sti Antin apua \u201djoku m\u00e4tt\u00e4\u00e4\u201d-tyyppisiin tilanteisiin ja hankaliin risteyskohtiin. Kiitos!!<\/p>\n\n\n\n<p>Product manager<\/p>\n<\/blockquote>\n\n\n\n<hr class=\"wp-block-separator has-alpha-channel-opacity\"\/>\n\n\n\n<blockquote class=\"wp-block-quote is-layout-flow wp-block-quote-is-layout-flow\">\n<p>Olin Antin valmennuksessa koronakev\u00e4\u00e4n\u00e4 2020. Maailma ymp\u00e4rill\u00e4 oli mullistunut ja henkil\u00f6kohtaisessa el\u00e4m\u00e4ss\u00e4 olin opintovapaalla pohtimassa 20 vuotta kest\u00e4nytt\u00e4 uraani it-alalla. Empaattisella, yksil\u00f6kohtaisisella, vahvasti vuorovaikutukseen perustuvalla ja omia vahvuuksiani korostavalla valmennustyylill\u00e4 p\u00e4\u00e4sin pureutumaan Antin kanssa siihen, mihin suuntaan el\u00e4m\u00e4ss\u00e4ni haluan seuraavaksi suunnata. Opin erottamaan asiat, joihin voin vaikuttaa ja joihin en. Paikoitellen kipeit\u00e4kin aiheita k\u00e4siteltiin just sopivasti huumoria, teoriaa ja erilaisia valmennusmenetelmi\u00e4 yhdistellen. Ajatukset j\u00e4sentyiv\u00e4t ja valmennuksen aikana saavutimme yhdess\u00e4 tavoitteet; ymm\u00e4rryksen prioriteeteista yksityis- ja ty\u00f6el\u00e4m\u00e4ss\u00e4 ja k\u00e4sityksen vahvuuksistani. T\u00e4rke\u00e4\u00e4 minulle oli, ett\u00e4 sain useita k\u00e4yt\u00e4nn\u00f6n tapoja, joilla ty\u00f6st\u00e4\u00e4 omia uskomuksiani. Valmennus eteni minun tahdissani. Suosittelen Anttia erityisesti kaltaisilleni megasuorittajille; Antti opetti, ett\u00e4 on ok olla kesken ja tehd\u00e4 asioita sopivasti.<\/p>\n\n\n\n<p>Tuuli, Senior Manager<\/p>\n<\/blockquote>\n\n\n\n<hr class=\"wp-block-separator has-alpha-channel-opacity\"\/>\n\n\n\n<blockquote class=\"wp-block-quote is-layout-flow wp-block-quote-is-layout-flow\">\n<p>Kun ajatukset sinkoilevat ilman suuntaa ja tuntuu, ettei osaa tehd\u00e4 p\u00e4\u00e4t\u00f6ksi\u00e4, niin Antti auttaa!<\/p>\n\n\n\n<p>H\u00e4n antaa just sopivasti potkua persuitille ja on samanaikaisesti lempe\u00e4 ja l\u00e4mmin kuuntelija. Kaupan p\u00e4\u00e4lle saa runsaasti viisaita sanoja ja objektiivista n\u00e4kemyst\u00e4, mik\u00e4 auttaa l\u00f6yt\u00e4m\u00e4\u00e4n ulos omien ajatusten noidankeh\u00e4st\u00e4.<\/p>\n\n\n\n<p>L\u00e4mmin suositukseni. &lt;3<\/p>\n\n\n\n<p>Anne, Content Manager<\/p>\n<\/blockquote>\n\n\n\n<hr class=\"wp-block-separator has-alpha-channel-opacity\"\/>\n\n\n\n<blockquote class=\"wp-block-quote is-layout-flow wp-block-quote-is-layout-flow\">\n<p>Coachauksen alkaessa omaa tilannettani olisi voinut kutsua ep\u00e4m\u00e4\u00e4r\u00e4iseksi ongelmavyyhdeksi. Ty\u00f6kuviot olivat muutoksessa ja oma ajattelu ei pysynyt tilanteen mukana. Ruuhkavuosien kiireess\u00e4 ei tuntunut olevan koskaan aikaa pys\u00e4hty\u00e4 rauhassa ajattelemaan.<\/p>\n\n\n\n<p>Coachaus tarjosi tilaisuuden j\u00e4sent\u00e4\u00e4 ajatuksia ja l\u00e4hte\u00e4 purkamaan vyyhte\u00e4 pala kerrallaan. Antin rauhallinen ja hyv\u00e4ksyv\u00e4 valmennusote auttoi n\u00e4kem\u00e4\u00e4n asiat selke\u00e4mmin ja rehellisemmin ja tunnistamaan ep\u00e4m\u00e4\u00e4r\u00e4isyydess\u00e4 olennaisen. Antti auttoi my\u00f6s hienovaraisesti purkamaan omaan itseen liittyvi\u00e4 uskomuksia tarjoamalla vaihtoehtoisia n\u00e4k\u00f6kulmia ja sai siten katsomaan asioita et\u00e4\u00e4mp\u00e4\u00e4, objektiivisemmin.<\/p>\n\n\n\n<p>Tarkkan\u00e4k\u00f6isesti Antti poimi tilanteestani olennaiset asiat ja johdatti kohti selkeit\u00e4 toimenpiteit\u00e4. J\u00e4lkik\u00e4teen katsottuna monet valmennuksen aikana syntyneist\u00e4 oivalluksista tuntuivat ilmeisilt\u00e4, mutta siin\u00e4p\u00e4 se taika juuri onkin.<\/p>\n\n\n\n<p>Paula Helle, yritt\u00e4j\u00e4<\/p>\n<\/blockquote>\n\n\n\n<hr class=\"wp-block-separator has-alpha-channel-opacity\"\/>\n\n\n\n<blockquote class=\"wp-block-quote is-layout-flow wp-block-quote-is-layout-flow\">\n<p>&#8220;Antissa ehk\u00e4 hienointa on se, ett\u00e4 h\u00e4n on vilpitt\u00f6m\u00e4sti kiinnostunut toisesta ihmisest\u00e4 ja t\u00e4m\u00e4n yksil\u00f6llisist\u00e4 tarpeista. El\u00e4m\u00e4ntilanteen tutkiminen k\u00e4ynnistyy rehellisesti siit\u00e4, miss\u00e4 asiakas on.<\/p>\n\n\n\n<p>Antin kanssa asiat k\u00e4sitell\u00e4\u00e4n neutraalisti asioina, ja niihin etsit\u00e4\u00e4n yhdess\u00e4 tarkoituksenmukainen, kest\u00e4v\u00e4 ratkaisu. Roso ja ep\u00e4t\u00e4ydellisyys hyv\u00e4ksyt\u00e4\u00e4n, t\u00e4ytyy vain opetella luovimaan niiden mukaan. Molemminpuolinen avoimuus on keskeist\u00e4.<\/p>\n\n\n\n<p>Valmennusprosessi on edennyt loogisesti ja j\u00e4m\u00e4k\u00e4sti. Askeleet saattavat tuntua aluksi pienilt\u00e4, mutta my\u00f6hemm\u00e4ss\u00e4 vaiheessa ymm\u00e4rt\u00e4\u00e4 kyll\u00e4, miksi maltti kannattaa. Tekemisen ja ajattelemisen muutokset tapahtuvat aina hitaasti. Antti on k\u00e4rsiv\u00e4llinen ja ymm\u00e4rt\u00e4v\u00e4 valmentaja, eik\u00e4 h\u00e4n odota muutosten istuvan asiakkaan arkeen saman tien. Antin m\u00e4\u00e4r\u00e4tietoisuus kohdistuu prosessiin ja ty\u00f6tapaan. Jos puheen virta v\u00e4lill\u00e4 suuntaa turhan syv\u00e4lle yksityiskohtien kaaokseen, Antti pystyy tarvittaessa rajaamaan keskustelua ja ohjaamaan sen takaisin sinne mihin pit\u00e4\u00e4: katsomaan kokonaisuutta.<\/p>\n\n\n\n<p>Antti on eritt\u00e4in taitava aikuisen ihmisen valmentaja, sill\u00e4 h\u00e4n ei ole guru eik\u00e4 h\u00e4n esit\u00e4 tiet\u00e4v\u00e4ns\u00e4 kaikkeen patenttiratkaisua. Sinun el\u00e4m\u00e4si, sinun muutoksesi.&#8221;<\/p>\n\n\n\n<p>Nainen, 40 v.<\/p>\n<\/blockquote>\n\n\n\n<hr class=\"wp-block-separator has-alpha-channel-opacity\"\/>\n\n\n\n<blockquote class=\"wp-block-quote is-layout-flow wp-block-quote-is-layout-flow\">\n<p>&#8220;My\u00f6nnet\u00e4\u00e4n henk. koht. ennakkoluulo: coacheiksi itse\u00e4\u00e4n kutsuvat (ty\u00f6)el\u00e4m\u00e4valmentajat olivat mielest\u00e4ni wannabe-terapeutteja, joista saa irti l\u00e4hinn\u00e4 fraasit &#8220;s\u00e4 pystyt siihen&#8221;, &#8220;no mut hienoo&#8221; ja &#8220;sataviiskyteuroo, kiitos&#8221;.<\/p>\n\n\n\n<p>Tiesin toki, ett\u00e4 jotkut ihmiset vain osaavat kysy\u00e4 ne oikeat kysymykset, jotka auttavat eteenp\u00e4in solmukohdista.&nbsp;<a href=\"https:\/\/www.linkedin.com\/in\/ACoAAAAS8MkB21xjw7YLajJHr214WKTGnd5E6vo\">Antti Niemi<\/a>&nbsp;kuului n\u00e4ihin: harsusta briiffist\u00e4 (eli k\u00e4yt\u00e4nn\u00f6ss\u00e4 &#8220;olen kiipeliss\u00e4&#8221; -volinastani) h\u00e4n poimi aina pointit ja ehdotti konkreettisia etenemistapoja. Antin kanssa juttelu oli kuin sukellus savivatkulista kirkkaaseen l\u00e4hdeveteen.<\/p>\n\n\n\n<p>Kun Antti sitten kysyi, kelpaisiko coachaus, ajattelin, ett\u00e4 AHAA, nyt se on tuotteistanut taitonsa. Tarkempi tivaaminen kuitenkin osoitti, ett\u00e4 luontaisia taitoja oli vankistettu ankarasti kouluttautumalla. Ajattelin, ett\u00e4 no perkele, valmentakoon.<\/p>\n\n\n\n<p>Ulkoistin t\u00e4ten Antille urap\u00e4hk\u00e4ily\u00e4ni. Aluksi papatin h\u00e4nelle puhelimessa sekavia aiheesta ja sen vierest\u00e4. Sitten sain ajattelukotiteht\u00e4vi\u00e4. My\u00f6hemmin soiteltiin pari kertaa uudelleen. Siin\u00e4p\u00e4 se. Ei iso juttu.<\/p>\n\n\n\n<p>Paitsi ett\u00e4 olipas. Olen n\u00e4k\u00f6j\u00e4\u00e4n onnistunut kuluneina kuukausina viem\u00e4\u00e4n ty\u00f6t\u00e4ni suuntaan, josta tykk\u00e4\u00e4n kauheasti. Samalla on raikastunut moni muukin juttu tunkkaisesta m\u00f6ll\u00f6tt\u00e4misest\u00e4 kohti aktiivista toimijuutta.<\/p>\n\n\n\n<p>Se toimii sittenkin?&#8221;<\/p>\n\n\n\n<p>Sanna K\u00e4rs\u00e4m\u00e4noja, Sis\u00e4lt\u00f6peto.<\/p>\n<\/blockquote>\n\n\n\n<hr class=\"wp-block-separator has-alpha-channel-opacity\"\/>\n\n\n\n<blockquote class=\"wp-block-quote is-layout-flow wp-block-quote-is-layout-flow\">\n<p>Antin tapa ja kyky kohdata ihminen on ainutlaatuinen. H\u00e4n osaa kuunnella ja johtaa keskustelua eritt\u00e4in inhimillisesti valmentaen, samalla h\u00e4n avaa metatasolla menetelmi\u00e4, niin, ett\u00e4 ne ovat n\u00e4ht\u00e4viss\u00e4 ja k\u00e4yett\u00e4viss\u00e4. Sain kokeilla Antin valmennettavana olemista. Olo oli koko ajan kuin nuoralla tanssijalla, jolla on ohut nuora pelottavassa korkeudessa, mutta turvallinen tukiverkko metrin p\u00e4\u00e4ss\u00e4. &#8220;A coach can hear the things you cannot hear, who has you see what you don&#8217;t want to see, so he can help you become the person you want to be&#8221; Tom Landry&#8221;<\/p>\n\n\n\n<p>Cilla L\u00f6nnqvist, Head of offering at Yle<\/p>\n<\/blockquote>\n\n\n\n<p>Jos kiinnostus her\u00e4si, niin ota rohkeasti yhteytt\u00e4 <strong>justsopivasti(a)gmail.com<\/strong><\/p>\n\n\n\n<p>Pari sanaa my\u00f6s itsest\u00e4ni<\/p>\n\n\n<div class=\"wp-block-image\">\n<figure class=\"aligncenter\"><a href=\"https:\/\/justsopivasti.com\/blog\/wp-content\/uploads\/2024\/01\/Screenshot-2024-01-21-at-19.23.17.png\"><img fetchpriority=\"high\" decoding=\"async\" width=\"1008\" height=\"1020\" src=\"https:\/\/justsopivasti.com\/blog\/wp-content\/uploads\/2024\/01\/Screenshot-2024-01-21-at-19.23.17.png\" alt=\"\" class=\"wp-image-1218\"\/><\/a><\/figure><\/div>\n\n\n<p>Tavoitteeni on toimia paremman (ty\u00f6)el\u00e4m\u00e4n puolesta.<\/p>\n\n\n\n<p>Valmennan ihmisi\u00e4, tiimej\u00e4 ja organisaatioita sujuvampaan tekemiseen.<\/p>\n\n\n\n<p>Arkisin virastoaikana olen organisaatioviidakon liekehtiv\u00e4 agile coach, iltaisin ja viikonloppuisin valjastan kokemukseni ja taitoni kansalaisten k\u00e4ytt\u00f6\u00f6n valmennuksen taikaviittana, my\u00f6t\u00e4tuntoisena,&nbsp; ihmisl\u00e4ht\u00f6isen\u00e4 ja j\u00e4m\u00e4kk\u00e4n\u00e4 ratkaisukeskeisen\u00e4 valmentajana.<\/p>\n\n\n\n<p>Olen kirjoittanut kaksi kirjaa liittyen ketter\u00e4\u00e4n ajatteluun tietoty\u00f6ss\u00e4 ja itsens\u00e4 johtamiseen. Just sopivasti ketter\u00e4 (2020) sek\u00e4 Itsens\u00e4 johtajat (2022)<\/p>\n\n\n\n<p>Pid\u00e4n my\u00f6s her\u00e4ttelevi\u00e4 puheenvuoroja liittyen mm. ketter\u00e4\u00e4n ajatteluun, palvelevaan johtamiseen, itseohjautuvuuteen ja tietoty\u00f6n kaaoksen taltuttamiseen.<\/p>\n\n\n\n<p>Tarjoan lempe\u00e4n j\u00e4m\u00e4kk\u00e4\u00e4 valmennusta liittyen ty\u00f6n, el\u00e4m\u00e4n ja olemisen solmukohtiin ja hyhm\u00e4isyyksiin, kuten vaikkapa alla oleviin tuntemuksiin.<\/p>\n\n\n\n<ul>\n<li>Kaikki on periaatteessa ihan hyvin, mutta silti ihan ei ehk\u00e4 ole.<\/li>\n\n\n\n<li>Tuntuu, ettei oikein ole en\u00e4\u00e4 aikaa mihink\u00e4\u00e4n innostavaan.<\/li>\n\n\n\n<li>Haluaisin tehd\u00e4 jonkun etenemisen uralla, mutta en oikein tied\u00e4 mit\u00e4.<\/li>\n\n\n\n<li>Koko perhanan paletti on ihan sekaisin ja oispa joku joka auttaisi!<\/li>\n\n\n\n<li>Haluaisin hieman enemm\u00e4n irti t\u00e4st\u00e4 vuodesta \/ el\u00e4m\u00e4st\u00e4!<\/li>\n<\/ul>\n\n\n\n<p>Laita viesti\u00e4 <strong>justsopivasti(a)gmail.com<\/strong> ja jutellaan. Ei sido mihink\u00e4\u00e4n.<\/p>\n\n\n\n<p>Seuraa minua&nbsp;<a href=\"https:\/\/www.instagram.com\/justsopivasti\/\">instagramissa<\/a>.<\/p>\n","protected":false},"excerpt":{"rendered":"<p>Lue alta mit\u00e4 asiakkaani ovat sanoneet valmennuksesta. Ty\u00f6kuvioni olivat hiljattain muuttuneet huomattavasti hyp\u00e4tty\u00e4ni palkkaty\u00f6st\u00e4 yritt\u00e4j\u00e4ksi. Ison muutoksen keskell\u00e4 koin, ett\u00e4 coachauksen avulla voisin saada ty\u00f6kaluja sel\u00e4tt\u00e4\u00e4 tiettyj\u00e4 persoonastani ja ty\u00f6skentelytavoistani juontuvia kehittymiskohteita, jotka ovat seuranneet minua l\u00e4hes koko ty\u00f6urani ajan ja joista en ole aiemmin saanut kunnollista otetta pysty\u00e4kseni niit\u00e4 konkreettisesti ty\u00f6st\u00e4m\u00e4\u00e4n. Antin kanssa keskustelu [&hellip;]<\/p>\n","protected":false},"author":1,"featured_media":0,"parent":0,"menu_order":0,"comment_status":"closed","ping_status":"closed","template":"","meta":{"_monsterinsights_skip_tracking":false,"_monsterinsights_sitenote_active":false,"_monsterinsights_sitenote_note":"","_monsterinsights_sitenote_category":0,"footnotes":""},"_links":{"self":[{"href":"https:\/\/justsopivasti.com\/blog\/wp-json\/wp\/v2\/pages\/1850"}],"collection":[{"href":"https:\/\/justsopivasti.com\/blog\/wp-json\/wp\/v2\/pages"}],"about":[{"href":"https:\/\/justsopivasti.com\/blog\/wp-json\/wp\/v2\/types\/page"}],"author":[{"embeddable":true,"href":"https:\/\/justsopivasti.com\/blog\/wp-json\/wp\/v2\/users\/1"}],"replies":[{"embeddable":true,"href":"https:\/\/justsopivasti.com\/blog\/wp-json\/wp\/v2\/comments?post=1850"}],"version-history":[{"count":1,"href":"https:\/\/justsopivasti.com\/blog\/wp-json\/wp\/v2\/pages\/1850\/revisions"}],"predecessor-version":[{"id":1851,"href":"https:\/\/justsopivasti.com\/blog\/wp-json\/wp\/v2\/pages\/1850\/revisions\/1851"}],"wp:attachment":[{"href":"https:\/\/justsopivasti.com\/blog\/wp-json\/wp\/v2\/media?parent=1850"}],"curies":[{"name":"wp","href":"https:\/\/api.w.org\/{rel}","templated":true}]}}